{"id":1220,"date":"2022-08-04T00:58:17","date_gmt":"2022-08-03T22:58:17","guid":{"rendered":"https:\/\/audioguiarte.com\/about-us\/"},"modified":"2022-12-19T12:28:44","modified_gmt":"2022-12-19T11:28:44","slug":"about-us","status":"publish","type":"page","link":"https:\/\/audioguiarte.com\/en\/about-us\/","title":{"rendered":"About us"},"content":{"rendered":"[vc_row][vc_column][vc_column_text font_size=&#8221;2xl&#8221; font_family=&#8221;Lora&#8221;]<span class=\"texto-rojo\"><span class=\"wpex-accent\">Our ultimate objective is to use our audio guide services to improve the cultural and educational impact of the institution&#8217;s resources<\/span>, becoming truly integrated into its purpose, commitment and strategy; and promoting efficient implementations that foster community activity and communications.<\/span>[\/vc_column_text][vc_column_text font_size=&#8221;xl&#8221; css=&#8221;.vc_custom_1666598060407{margin-top: 20px !important;}&#8221;]Audioguiarte provides each institution with a complete infrastructure of technical and human and resources, ensuring the flawless operation of its services.[\/vc_column_text][\/vc_column][\/vc_row][vc_row full_width=&#8221;stretch_row_content_no_spaces&#8221;][vc_column]<figure class=\"vcex-image vcex-module wpex-clr\"><div class=\"vcex-image-inner wpex-relative wpex-inline-block\"><img width=\"1920\" height=\"715\" src=\"https:\/\/audioguiarte.com\/wp-content\/uploads\/2022\/10\/ICONOS-AUDIOGUIARTE-SERVICIOSNOSOTROS-SIN-FOTO.jpg\" class=\"wpex-align-middle skip-lazy\" alt=\"\" decoding=\"async\" srcset=\"https:\/\/audioguiarte.com\/wp-content\/uploads\/2022\/10\/ICONOS-AUDIOGUIARTE-SERVICIOSNOSOTROS-SIN-FOTO.jpg 1920w, https:\/\/audioguiarte.com\/wp-content\/uploads\/2022\/10\/ICONOS-AUDIOGUIARTE-SERVICIOSNOSOTROS-SIN-FOTO-300x112.jpg 300w, https:\/\/audioguiarte.com\/wp-content\/uploads\/2022\/10\/ICONOS-AUDIOGUIARTE-SERVICIOSNOSOTROS-SIN-FOTO-1024x381.jpg 1024w, https:\/\/audioguiarte.com\/wp-content\/uploads\/2022\/10\/ICONOS-AUDIOGUIARTE-SERVICIOSNOSOTROS-SIN-FOTO-768x286.jpg 768w, https:\/\/audioguiarte.com\/wp-content\/uploads\/2022\/10\/ICONOS-AUDIOGUIARTE-SERVICIOSNOSOTROS-SIN-FOTO-1536x572.jpg 1536w, https:\/\/audioguiarte.com\/wp-content\/uploads\/2022\/10\/ICONOS-AUDIOGUIARTE-SERVICIOSNOSOTROS-SIN-FOTO-200x74.jpg 200w\" sizes=\"(max-width: 1920px) 100vw, 1920px\" \/><\/div><\/figure>[\/vc_column][\/vc_row][vc_row css=&#8221;.vc_custom_1666437725208{padding-top: 60px !important;padding-bottom: 40px !important;}&#8221;][vc_column width=&#8221;1\/12&#8243;][\/vc_column][vc_column width=&#8221;10\/12&#8243;]<link rel=\"stylesheet\" href=\"https:\/\/unpkg.com\/flickity@2\/dist\/flickity.min.css\"><script src=\"https:\/\/unpkg.com\/flickity@2\/dist\/flickity.pkgd.min.js\"><\/script><script>\n\t\t( function( $ ) {\n\t\t\t\"use strict\";\n\t\t\t$( document ).on( \"ready\", function() {\n\t\t\t\t$(\"#pwt-uniqid--69df905820800\").flickity({\n\t\t\t\t\tcellAlign: \"center\",\n\t\t\t\t\tcontain: true,\n\t\t\t\t\tpageDots: true,\n\t\t\t\t\twrapAround: true,\n\t\t\t\t\tprevNextButtons: true,\n\t\t\t\t\tautoPlay: false,\n\t\t\t\t\tfreeScroll: false,\nwrapAround: true\n\t\t\t\t});\n\t\t\t} );\n\t\t} ( jQuery ) );\n\t<\/script><div id=\"pwt-uniqid--69df905820800\" class=\"pwt-text-slider\"><div class=\"pwt-text-slider__item wpex-text-center wpex-w-100\"><span>\u201cLa evaluaci\u00f3n del servicio nos permite generar nuevas ideas, demostrar los \u00e9xitos, perfeccionar la metodolog\u00eda de trabajo, reforzar la confianza entre los equipos profesionales implicados, crear debates internos y profesionalizar los m\u00e9todos y procesos\u201d.<\/span><\/div><div class=\"pwt-text-slider__item wpex-text-center wpex-w-100\"><span>\u201cAudioguiarte dedica una l\u00ednea de actuaci\u00f3n espec\u00edfica en lo referente a la manera de conectar con el p\u00fablico. La interpretaci\u00f3n de determinados marcadores, obtenidos a trav\u00e9s de los informes de gesti\u00f3n, m\u00e9tricas de uso o las encuestas de satisfacci\u00f3n, es de gran utilidad para establecer un diagn\u00f3stico de funcionamiento, medir el impacto pedag\u00f3gico de los contenidos y definir las directrices para optimizar el servicio\u201d.<\/span><\/div><div class=\"pwt-text-slider__item wpex-text-center wpex-w-100\"><span>\u201c\u00bfQu\u00e9 define al personal de Audioguiarte? Una filosof\u00eda de trabajo en la atenci\u00f3n al p\u00fablico dirigida a garantizar el bienestar de todos los visitantes; un compromiso \u00e9tico y social con especial menci\u00f3n a la atenci\u00f3n a personas con capacidades distintas, mayores y ni\u00f1os; y el respeto por el entorno y la protecci\u00f3n de las obras de arte\u201d.<\/span><\/div><\/div>[\/vc_column][vc_column width=&#8221;1\/12&#8243;][\/vc_column][\/vc_row][vc_row column_spacing=&#8221;60&#8243;][vc_column width=&#8221;1\/2&#8243;]<h2 class=\"vcex-heading vcex-module wpex-text-2xl wpex-font-normal wpex-m-auto wpex-max-w-100 vcex-heading-plain wpex-block\" style=\"color:var(--wpex-accent);font-family:&#039;Poppins&#039;,sans-serif;\"><span class=\"vcex-heading-inner wpex-inline-block wpex-clr\">Production and Outreach<\/span><\/h2><div class=\"vcex-spacing wpex-w-100 wpex-clear\" style=\"height:15px;\"><\/div>[vc_column_text]A team of historians, managers and experts in cultural outreach conceptualize and develop content proposals in coordination with other professionals: scriptwriters, translators, programmers, accessibility experts, and more. Our work methodology is rooted in experience, learning, and continuous immersion in all the resources that favor the optimization of procedure, as well as compliance with established deadlines. <\/p>\n<p>Using a quality plan based on methodologies and resources for guaranteeing excellence, the achievement of objectives, and positive results at the visitor satisfaction level, this department also monitors and assesses the services offered to each museum.[\/vc_column_text][\/vc_column][vc_column width=&#8221;1\/2&#8243;]<h2 class=\"vcex-heading vcex-module wpex-text-2xl wpex-font-normal wpex-m-auto wpex-max-w-100 vcex-heading-plain wpex-block\" style=\"color:var(--wpex-accent);font-family:&#039;Poppins&#039;,sans-serif;\"><span class=\"vcex-heading-inner wpex-inline-block wpex-clr\">Tech R+D<\/span><\/h2><div class=\"vcex-spacing wpex-w-100 wpex-clear\" style=\"height:15px;\"><\/div>[vc_column_text]The tech R&amp;D department is made up of professionals who specialize in a variety of areas including digital consulting, usability and user experience, creative technology for the development and programming of digital resources and products (mobile apps, web apps), the incorporation of mixed realities (augmented, virtual, extended), the artistic direction of multimedia content, and digital security.<\/p>\n<p>The team works hand in hand with the production department on all digital development projects, as well as the design and development of applications, and everything having to do with the user experience via multimedia content.[\/vc_column_text][\/vc_column][\/vc_row][vc_row column_spacing=&#8221;60&#8243;][vc_column width=&#8221;1\/2&#8243;]<h2 class=\"vcex-heading vcex-module wpex-text-2xl wpex-font-normal wpex-m-auto wpex-max-w-100 vcex-heading-plain wpex-block\" style=\"color:var(--wpex-accent);font-family:&#039;Poppins&#039;,sans-serif;\"><span class=\"vcex-heading-inner wpex-inline-block wpex-clr\">Technical Experts<\/span><\/h2><div class=\"vcex-spacing wpex-w-100 wpex-clear\" style=\"height:15px;\"><\/div>[vc_column_text]The technical team advises clients as they select an appropriate technological format, and provides support for all the implementation steps and services managed by Audioguiarte. It features professionals with extensive experience in the maintenance of devices (multimedia, conventional and radio guides), in a real guarantee that all technical resources in each space will function properly. Likewise, the team oversees the conversion process and the transfer of audio files into different content management systems. They are responsible for carrying out preventative maintenance, as well as monitoring software to prevent anomalies in all digital resources and servers.[\/vc_column_text]<div class=\"vcex-spacing wpex-w-100 wpex-clear\"><\/div>[\/vc_column][vc_column width=&#8221;1\/2&#8243;]<h2 class=\"vcex-heading vcex-module wpex-text-2xl wpex-font-normal wpex-m-auto wpex-max-w-100 vcex-heading-plain wpex-block\" style=\"color:var(--wpex-accent);font-family:&#039;Poppins&#039;,sans-serif;\"><span class=\"vcex-heading-inner wpex-inline-block wpex-clr\">Human Resources<\/span><\/h2><div class=\"vcex-spacing wpex-w-100 wpex-clear\" style=\"height:15px;\"><\/div>[vc_column_text]One of Audioguiarte\u2019s cornerstones is the management of customer service personnel in museums. The security that comes from having a stable team with a high level of training, knowledge and specialization is of utmost importance. In addition, the ability to count on professionals who share the philosophy and objectives of each project, and who assume the mission of each institution as their own, is a guarantee of high-quality service.  <\/p>\n<p>The Department of Human Resources heads up all hiring and specialized training processes to improve customer service and project development, under ongoing supervision that guarantees excellence.[\/vc_column_text][\/vc_column][\/vc_row][vc_row column_spacing=&#8221;60&#8243;][vc_column width=&#8221;1\/2&#8243;]<h2 class=\"vcex-heading vcex-module wpex-text-2xl wpex-font-normal wpex-m-auto wpex-max-w-100 vcex-heading-plain wpex-block\" style=\"color:var(--wpex-accent);font-family:&#039;Poppins&#039;,sans-serif;\"><span class=\"vcex-heading-inner wpex-inline-block wpex-clr\">Design<\/span><\/h2><div class=\"vcex-spacing wpex-w-100 wpex-clear\" style=\"height:15px;\"><\/div>[vc_column_text]The design team contributes to Audioguiarte&#8217;s communications and business development strategies. In doing so, they integrate the necessary graphics for content dissemination projects and corporate outreach, as well as the promotion of resources implemented in museums.<\/p>\n<p>By tapping into innovative concepts for transmitting and focusing on communications in cultural environments, the design team brings meaning and transparency to all its projects. Our designers always start from a place of respect for the sensitivity infused in every artistic setting, and work in absolute harmony not only with the company\u2019s goals, but also with the challenges posed by each museum.[\/vc_column_text][\/vc_column][vc_column width=&#8221;1\/2&#8243;]<h2 class=\"vcex-heading vcex-module wpex-text-2xl wpex-font-normal wpex-m-auto wpex-max-w-100 vcex-heading-plain wpex-block\" style=\"color:var(--wpex-accent);font-family:&#039;Poppins&#039;,sans-serif;\"><span class=\"vcex-heading-inner wpex-inline-block wpex-clr\">International<\/span><\/h2><div class=\"vcex-spacing wpex-w-100 wpex-clear\" style=\"height:15px;\"><\/div>[vc_column_text]Audioguiarte is the exclusive representative in Spain of the Acoustiguide Group, and shares with them a common vision, values and objectives. Both companies have established a vast international network of work, interaction and mutual enhancement. <\/p>\n<p>Acoustiguide has set the international standard for audio tours, multimedia audio tours and digital solutions. Since 1957 it has been a leader in innovative technology and one of the world&#8217;s leading providers of interpretation services.[\/vc_column_text][\/vc_column][\/vc_row]\n","protected":false},"excerpt":{"rendered":"<p>[vc_row][vc_column][vc_column_text font_size=&#8221;2xl&#8221; font_family=&#8221;Lora&#8221;]Our ultimate objective is to use our audio guide services to improve the cultural and educational impact of the institution&#8217;s resources, becoming truly integrated into its purpose, commitment and strategy; and promoting efficient implementations that foster community activity and communications.[\/vc_column_text][vc_column_text font_size=&#8221;xl&#8221; css=&#8221;.vc_custom_1666598060407{margin-top: 20px !important;}&#8221;]Audioguiarte provides each institution with a complete infrastructure of technical&hellip;<\/p>\n","protected":false},"author":1,"featured_media":0,"parent":0,"menu_order":0,"comment_status":"closed","ping_status":"closed","template":"","meta":[],"_links":{"self":[{"href":"https:\/\/audioguiarte.com\/en\/wp-json\/wp\/v2\/pages\/1220"}],"collection":[{"href":"https:\/\/audioguiarte.com\/en\/wp-json\/wp\/v2\/pages"}],"about":[{"href":"https:\/\/audioguiarte.com\/en\/wp-json\/wp\/v2\/types\/page"}],"author":[{"embeddable":true,"href":"https:\/\/audioguiarte.com\/en\/wp-json\/wp\/v2\/users\/1"}],"replies":[{"embeddable":true,"href":"https:\/\/audioguiarte.com\/en\/wp-json\/wp\/v2\/comments?post=1220"}],"version-history":[{"count":1,"href":"https:\/\/audioguiarte.com\/en\/wp-json\/wp\/v2\/pages\/1220\/revisions"}],"predecessor-version":[{"id":1221,"href":"https:\/\/audioguiarte.com\/en\/wp-json\/wp\/v2\/pages\/1220\/revisions\/1221"}],"wp:attachment":[{"href":"https:\/\/audioguiarte.com\/en\/wp-json\/wp\/v2\/media?parent=1220"}],"curies":[{"name":"wp","href":"https:\/\/api.w.org\/{rel}","templated":true}]}}